{"id":18,"date":"2024-10-07T09:47:52","date_gmt":"2024-10-07T09:47:52","guid":{"rendered":"http:\/\/localhost\/charity\/?page_id=18"},"modified":"2025-03-13T15:35:39","modified_gmt":"2025-03-13T15:35:39","slug":"case-studies","status":"publish","type":"page","link":"https:\/\/istn-soldajustica.co.uk\/?page_id=18","title":{"rendered":"Case Studies"},"content":{"rendered":"\t\t<div data-elementor-type=\"wp-page\" data-elementor-id=\"18\" class=\"elementor elementor-18\" data-elementor-post-type=\"page\">\n\t\t\t\t\t\t<section class=\"elementor-section elementor-top-section elementor-element elementor-element-10cf96a7 elementor-section-height-min-height elementor-hidden-tablet elementor-hidden-mobile elementor-section-boxed elementor-section-height-default elementor-section-items-middle\" data-id=\"10cf96a7\" data-element_type=\"section\" data-settings=\"{&quot;background_background&quot;:&quot;classic&quot;,&quot;ekit_has_onepagescroll_dot&quot;:&quot;yes&quot;}\">\n\t\t\t\t\t\t\t<div class=\"elementor-background-overlay\"><\/div>\n\t\t\t\t\t\t\t<div class=\"elementor-container elementor-column-gap-default\">\n\t\t\t\t\t<div class=\"elementor-column elementor-col-100 elementor-top-column elementor-element elementor-element-768c8422\" data-id=\"768c8422\" data-element_type=\"column\">\n\t\t\t<div class=\"elementor-widget-wrap elementor-element-populated\">\n\t\t\t\t\t\t<div class=\"elementor-element elementor-element-5a16aa6d elementor-widget elementor-widget-elementskit-heading\" data-id=\"5a16aa6d\" data-element_type=\"widget\" data-settings=\"{&quot;ekit_we_effect_on&quot;:&quot;none&quot;}\" data-widget_type=\"elementskit-heading.default\">\n\t\t\t\t<div class=\"elementor-widget-container\">\n\t\t\t<div class=\"ekit-wid-con\" ><div class=\"ekit-heading elementskit-section-title-wraper text_center   ekit_heading_tablet-text_center   ekit_heading_mobile-text_center\"><h2 class=\"ekit-heading--title elementskit-section-title \">Testimonials<\/h2><\/div><\/div>\t\t<\/div>\n\t\t\t\t<\/div>\n\t\t\t\t\t<\/div>\n\t\t<\/div>\n\t\t\t\t\t<\/div>\n\t\t<\/section>\n\t\t\t\t<section class=\"elementor-section elementor-top-section elementor-element elementor-element-dcc1e07 elementor-section-height-min-height elementor-hidden-desktop elementor-hidden-tablet elementor-section-boxed elementor-section-height-default elementor-section-items-middle\" data-id=\"dcc1e07\" data-element_type=\"section\" data-settings=\"{&quot;background_background&quot;:&quot;classic&quot;,&quot;ekit_has_onepagescroll_dot&quot;:&quot;yes&quot;}\">\n\t\t\t\t\t\t\t<div class=\"elementor-background-overlay\"><\/div>\n\t\t\t\t\t\t\t<div class=\"elementor-container elementor-column-gap-default\">\n\t\t\t\t\t<div class=\"elementor-column elementor-col-100 elementor-top-column elementor-element elementor-element-48180f5\" data-id=\"48180f5\" data-element_type=\"column\">\n\t\t\t<div class=\"elementor-widget-wrap elementor-element-populated\">\n\t\t\t\t\t\t<div class=\"elementor-element elementor-element-a8fa2a7 elementor-widget elementor-widget-elementskit-heading\" data-id=\"a8fa2a7\" data-element_type=\"widget\" data-settings=\"{&quot;ekit_we_effect_on&quot;:&quot;none&quot;}\" data-widget_type=\"elementskit-heading.default\">\n\t\t\t\t<div class=\"elementor-widget-container\">\n\t\t\t<div class=\"ekit-wid-con\" ><div class=\"ekit-heading elementskit-section-title-wraper text_center   ekit_heading_tablet-text_center   ekit_heading_mobile-text_center\"><h2 class=\"ekit-heading--title elementskit-section-title \">Testimonials<\/h2><\/div><\/div>\t\t<\/div>\n\t\t\t\t<\/div>\n\t\t\t\t\t<\/div>\n\t\t<\/div>\n\t\t\t\t\t<\/div>\n\t\t<\/section>\n\t\t\t\t<section class=\"elementor-section elementor-top-section elementor-element elementor-element-c89ff26 elementor-section-height-min-height elementor-hidden-desktop elementor-hidden-mobile elementor-section-boxed elementor-section-height-default elementor-section-items-middle\" data-id=\"c89ff26\" data-element_type=\"section\" data-settings=\"{&quot;background_background&quot;:&quot;classic&quot;,&quot;ekit_has_onepagescroll_dot&quot;:&quot;yes&quot;}\">\n\t\t\t\t\t\t\t<div class=\"elementor-background-overlay\"><\/div>\n\t\t\t\t\t\t\t<div class=\"elementor-container elementor-column-gap-default\">\n\t\t\t\t\t<div class=\"elementor-column elementor-col-100 elementor-top-column elementor-element elementor-element-47707c9\" data-id=\"47707c9\" data-element_type=\"column\">\n\t\t\t<div class=\"elementor-widget-wrap elementor-element-populated\">\n\t\t\t\t\t\t<div class=\"elementor-element elementor-element-2d3b454 elementor-widget elementor-widget-elementskit-heading\" data-id=\"2d3b454\" data-element_type=\"widget\" data-settings=\"{&quot;ekit_we_effect_on&quot;:&quot;none&quot;}\" data-widget_type=\"elementskit-heading.default\">\n\t\t\t\t<div class=\"elementor-widget-container\">\n\t\t\t<div class=\"ekit-wid-con\" ><div class=\"ekit-heading elementskit-section-title-wraper text_center   ekit_heading_tablet-text_center   ekit_heading_mobile-text_center\"><h2 class=\"ekit-heading--title elementskit-section-title \">Testimonials<\/h2><\/div><\/div>\t\t<\/div>\n\t\t\t\t<\/div>\n\t\t\t\t\t<\/div>\n\t\t<\/div>\n\t\t\t\t\t<\/div>\n\t\t<\/section>\n\t\t<div class=\"elementor-element elementor-element-7422a4e e-flex e-con-boxed e-con e-parent\" data-id=\"7422a4e\" data-element_type=\"container\" data-settings=\"{&quot;background_background&quot;:&quot;classic&quot;,&quot;ekit_has_onepagescroll_dot&quot;:&quot;yes&quot;}\">\n\t\t\t\t\t<div class=\"e-con-inner\">\n\t\t<div class=\"elementor-element elementor-element-ea2b057 e-con-full e-flex e-con e-child\" data-id=\"ea2b057\" data-element_type=\"container\" data-settings=\"{&quot;ekit_has_onepagescroll_dot&quot;:&quot;yes&quot;}\">\n\t\t\t\t<div class=\"elementor-element elementor-element-6a2dee2 elementor-widget elementor-widget-text-editor\" data-id=\"6a2dee2\" data-element_type=\"widget\" data-settings=\"{&quot;ekit_we_effect_on&quot;:&quot;none&quot;}\" data-widget_type=\"text-editor.default\">\n\t\t\t\t<div class=\"elementor-widget-container\">\n\t\t\t<style>\/*! elementor - v3.23.0 - 05-08-2024 *\/\n.elementor-widget-text-editor.elementor-drop-cap-view-stacked .elementor-drop-cap{background-color:#69727d;color:#fff}.elementor-widget-text-editor.elementor-drop-cap-view-framed .elementor-drop-cap{color:#69727d;border:3px solid;background-color:transparent}.elementor-widget-text-editor:not(.elementor-drop-cap-view-default) .elementor-drop-cap{margin-top:8px}.elementor-widget-text-editor:not(.elementor-drop-cap-view-default) .elementor-drop-cap-letter{width:1em;height:1em}.elementor-widget-text-editor .elementor-drop-cap{float:left;text-align:center;line-height:1;font-size:50px}.elementor-widget-text-editor .elementor-drop-cap-letter{display:inline-block}<\/style>\t\t\t\t<p>My name is Augusta Carvalho. I can tell you that I discovered this true gospel when the links were sent to me and I was immediately impacted by the preaching of our Apostle Marcelino M\u00e1rio Bento, from then on, I gave myself completely to this great work.<\/p><p>I was cured of hemorrhoids that I had undergone surgery on a few years ago and of the intestine in a live online broadcast. Praise be to the name of the Lord<\/p>\t\t\t\t\t\t<\/div>\n\t\t\t\t<\/div>\n\t\t\t\t<\/div>\n\t\t<div class=\"elementor-element elementor-element-071a8d3 e-con-full e-flex e-con e-child\" data-id=\"071a8d3\" data-element_type=\"container\" data-settings=\"{&quot;ekit_has_onepagescroll_dot&quot;:&quot;yes&quot;}\">\n\t\t\t\t<div class=\"elementor-element elementor-element-790f85e elementor-widget elementor-widget-image\" data-id=\"790f85e\" data-element_type=\"widget\" data-settings=\"{&quot;ekit_we_effect_on&quot;:&quot;none&quot;}\" data-widget_type=\"image.default\">\n\t\t\t\t<div class=\"elementor-widget-container\">\n\t\t\t<style>\/*! elementor - v3.23.0 - 05-08-2024 *\/\n.elementor-widget-image{text-align:center}.elementor-widget-image a{display:inline-block}.elementor-widget-image a img[src$=\".svg\"]{width:48px}.elementor-widget-image img{vertical-align:middle;display:inline-block}<\/style>\t\t\t\t\t\t\t\t\t\t<img fetchpriority=\"high\" decoding=\"async\" width=\"1024\" height=\"1024\" src=\"https:\/\/istn-soldajustica.co.uk\/wp-content\/uploads\/2024\/10\/WhatsApp-Image-2024-10-14-at-2.41.40-PM-1024x1024.jpg\" class=\"attachment-large size-large wp-image-856\" alt=\"\" srcset=\"https:\/\/istn-soldajustica.co.uk\/wp-content\/uploads\/2024\/10\/WhatsApp-Image-2024-10-14-at-2.41.40-PM-1024x1024.jpg 1024w, https:\/\/istn-soldajustica.co.uk\/wp-content\/uploads\/2024\/10\/WhatsApp-Image-2024-10-14-at-2.41.40-PM-300x300.jpg 300w, https:\/\/istn-soldajustica.co.uk\/wp-content\/uploads\/2024\/10\/WhatsApp-Image-2024-10-14-at-2.41.40-PM-150x150.jpg 150w, https:\/\/istn-soldajustica.co.uk\/wp-content\/uploads\/2024\/10\/WhatsApp-Image-2024-10-14-at-2.41.40-PM-768x768.jpg 768w, https:\/\/istn-soldajustica.co.uk\/wp-content\/uploads\/2024\/10\/WhatsApp-Image-2024-10-14-at-2.41.40-PM-1536x1536.jpg 1536w, https:\/\/istn-soldajustica.co.uk\/wp-content\/uploads\/2024\/10\/WhatsApp-Image-2024-10-14-at-2.41.40-PM.jpg 2025w\" sizes=\"(max-width: 1024px) 100vw, 1024px\" \/>\t\t\t\t\t\t\t\t\t\t\t\t\t<\/div>\n\t\t\t\t<\/div>\n\t\t\t\t<\/div>\n\t\t\t\t\t<\/div>\n\t\t\t\t<\/div>\n\t\t<div class=\"elementor-element elementor-element-268a318 e-flex e-con-boxed e-con e-parent\" data-id=\"268a318\" data-element_type=\"container\" data-settings=\"{&quot;background_background&quot;:&quot;classic&quot;,&quot;ekit_has_onepagescroll_dot&quot;:&quot;yes&quot;}\">\n\t\t\t\t\t<div class=\"e-con-inner\">\n\t\t<div class=\"elementor-element elementor-element-b320b52 e-con-full e-flex e-con e-child\" data-id=\"b320b52\" data-element_type=\"container\" data-settings=\"{&quot;ekit_has_onepagescroll_dot&quot;:&quot;yes&quot;}\">\n\t\t\t\t<div class=\"elementor-element elementor-element-cdb4cd1 elementor-widget elementor-widget-text-editor\" data-id=\"cdb4cd1\" data-element_type=\"widget\" data-settings=\"{&quot;ekit_we_effect_on&quot;:&quot;none&quot;}\" data-widget_type=\"text-editor.default\">\n\t\t\t\t<div class=\"elementor-widget-container\">\n\t\t\t\t\t\t\t<p>My name is Celso Ramos before I joined ISTN, I lived in Germany, I was steeped in alcohol and heavy drugs. <br \/>It left me in such a mental state that I went into depression to the point where I couldn&#8217;t free myself from these addictions. <br \/>Once in England, I discovered Igreja Salva\u00e7\u00e3o de todas as Na\u00e7\u00f5es &#8211; Sol da Justi\u00e7a, participating in face-to-face services and watching the Apostle&#8217;s Marcelino lives and I was freed, until the day came that I received total liberation from addictions and everything in my life began to work out. For the honor and glory of Christ Jesus<\/p>\t\t\t\t\t\t<\/div>\n\t\t\t\t<\/div>\n\t\t\t\t<\/div>\n\t\t<div class=\"elementor-element elementor-element-d77107d e-con-full e-flex e-con e-child\" data-id=\"d77107d\" data-element_type=\"container\" data-settings=\"{&quot;ekit_has_onepagescroll_dot&quot;:&quot;yes&quot;}\">\n\t\t\t\t<div class=\"elementor-element elementor-element-80864d3 elementor-widget elementor-widget-image\" data-id=\"80864d3\" data-element_type=\"widget\" data-settings=\"{&quot;ekit_we_effect_on&quot;:&quot;none&quot;}\" data-widget_type=\"image.default\">\n\t\t\t\t<div class=\"elementor-widget-container\">\n\t\t\t\t\t\t\t\t\t\t\t\t\t<img decoding=\"async\" width=\"1024\" height=\"1024\" src=\"https:\/\/istn-soldajustica.co.uk\/wp-content\/uploads\/2024\/10\/WhatsApp-Image-2024-10-14-at-2.50.30-PM-1-1024x1024.jpeg\" class=\"attachment-large size-large wp-image-859\" alt=\"\" srcset=\"https:\/\/istn-soldajustica.co.uk\/wp-content\/uploads\/2024\/10\/WhatsApp-Image-2024-10-14-at-2.50.30-PM-1-1024x1024.jpeg 1024w, https:\/\/istn-soldajustica.co.uk\/wp-content\/uploads\/2024\/10\/WhatsApp-Image-2024-10-14-at-2.50.30-PM-1-300x300.jpeg 300w, https:\/\/istn-soldajustica.co.uk\/wp-content\/uploads\/2024\/10\/WhatsApp-Image-2024-10-14-at-2.50.30-PM-1-150x150.jpeg 150w, https:\/\/istn-soldajustica.co.uk\/wp-content\/uploads\/2024\/10\/WhatsApp-Image-2024-10-14-at-2.50.30-PM-1-768x768.jpeg 768w, https:\/\/istn-soldajustica.co.uk\/wp-content\/uploads\/2024\/10\/WhatsApp-Image-2024-10-14-at-2.50.30-PM-1-1536x1536.jpeg 1536w, https:\/\/istn-soldajustica.co.uk\/wp-content\/uploads\/2024\/10\/WhatsApp-Image-2024-10-14-at-2.50.30-PM-1.jpeg 2025w\" sizes=\"(max-width: 1024px) 100vw, 1024px\" \/>\t\t\t\t\t\t\t\t\t\t\t\t\t<\/div>\n\t\t\t\t<\/div>\n\t\t\t\t<\/div>\n\t\t\t\t\t<\/div>\n\t\t\t\t<\/div>\n\t\t<div class=\"elementor-element elementor-element-03e0706 e-flex e-con-boxed e-con e-parent\" data-id=\"03e0706\" data-element_type=\"container\" data-settings=\"{&quot;background_background&quot;:&quot;classic&quot;,&quot;ekit_has_onepagescroll_dot&quot;:&quot;yes&quot;}\">\n\t\t\t\t\t<div class=\"e-con-inner\">\n\t\t<div class=\"elementor-element elementor-element-a684ae3 e-con-full e-flex e-con e-child\" data-id=\"a684ae3\" data-element_type=\"container\" data-settings=\"{&quot;ekit_has_onepagescroll_dot&quot;:&quot;yes&quot;}\">\n\t\t\t\t<div class=\"elementor-element elementor-element-aa0bb85 elementor-widget elementor-widget-text-editor\" data-id=\"aa0bb85\" data-element_type=\"widget\" data-settings=\"{&quot;ekit_we_effect_on&quot;:&quot;none&quot;}\" data-widget_type=\"text-editor.default\">\n\t\t\t\t<div class=\"elementor-widget-container\">\n\t\t\t\t\t\t\t<p>My name is Jesus da Ressurrei\u00e7\u00e3o and I want to share my testimony. Before I met Apostle Marcelino, I was lost in the world I had toxic friendships, I was doing all types of drugs for a long period. I didn\u2019t care about my family. One day I left my wife and kids by themselves. I went to live in a drug den. I had drugs alcohol and prostitutes was my goal in life.<\/p><p>\u00a0I felt sad and alone until one day I came across a video of Apostolo Marcelino on social media (YouTube). As soon as I heard his messages, I started to feel good, I knew that this Man was sent to save me from the addictions I had. Today I feel like a new man, born again, I thank the Apostle for freeing me from the addictions I had and my family.<\/p>\t\t\t\t\t\t<\/div>\n\t\t\t\t<\/div>\n\t\t\t\t<\/div>\n\t\t<div class=\"elementor-element elementor-element-dbf41ca e-con-full e-flex e-con e-child\" data-id=\"dbf41ca\" data-element_type=\"container\" data-settings=\"{&quot;ekit_has_onepagescroll_dot&quot;:&quot;yes&quot;}\">\n\t\t\t\t<div class=\"elementor-element elementor-element-a11367a elementor-widget elementor-widget-image\" data-id=\"a11367a\" data-element_type=\"widget\" data-settings=\"{&quot;ekit_we_effect_on&quot;:&quot;none&quot;}\" data-widget_type=\"image.default\">\n\t\t\t\t<div class=\"elementor-widget-container\">\n\t\t\t\t\t\t\t\t\t\t\t\t\t<img decoding=\"async\" width=\"1024\" height=\"1024\" src=\"https:\/\/istn-soldajustica.co.uk\/wp-content\/uploads\/2024\/10\/WhatsApp-Image-2024-10-14-at-14.49.27-1024x1024.jpeg\" class=\"attachment-large size-large wp-image-857\" alt=\"\" srcset=\"https:\/\/istn-soldajustica.co.uk\/wp-content\/uploads\/2024\/10\/WhatsApp-Image-2024-10-14-at-14.49.27-1024x1024.jpeg 1024w, https:\/\/istn-soldajustica.co.uk\/wp-content\/uploads\/2024\/10\/WhatsApp-Image-2024-10-14-at-14.49.27-300x300.jpeg 300w, https:\/\/istn-soldajustica.co.uk\/wp-content\/uploads\/2024\/10\/WhatsApp-Image-2024-10-14-at-14.49.27-150x150.jpeg 150w, https:\/\/istn-soldajustica.co.uk\/wp-content\/uploads\/2024\/10\/WhatsApp-Image-2024-10-14-at-14.49.27-768x768.jpeg 768w, https:\/\/istn-soldajustica.co.uk\/wp-content\/uploads\/2024\/10\/WhatsApp-Image-2024-10-14-at-14.49.27-1536x1536.jpeg 1536w, https:\/\/istn-soldajustica.co.uk\/wp-content\/uploads\/2024\/10\/WhatsApp-Image-2024-10-14-at-14.49.27.jpeg 1600w\" sizes=\"(max-width: 1024px) 100vw, 1024px\" \/>\t\t\t\t\t\t\t\t\t\t\t\t\t<\/div>\n\t\t\t\t<\/div>\n\t\t\t\t<\/div>\n\t\t\t\t\t<\/div>\n\t\t\t\t<\/div>\n\t\t\t\t<\/div>\n\t\t","protected":false},"excerpt":{"rendered":"<p>Testimonials Testimonials Testimonials My name is Augusta Carvalho. I can tell you that I discovered this true gospel when the [&hellip;]<\/p>\n","protected":false},"author":1,"featured_media":0,"parent":0,"menu_order":0,"comment_status":"closed","ping_status":"closed","template":"","meta":{"site-sidebar-layout":"no-sidebar","site-content-layout":"","ast-site-content-layout":"full-width-container","site-content-style":"default","site-sidebar-style":"default","ast-global-header-display":"","ast-banner-title-visibility":"","ast-main-header-display":"","ast-hfb-above-header-display":"","ast-hfb-below-header-display":"","ast-hfb-mobile-header-display":"","site-post-title":"disabled","ast-breadcrumbs-content":"","ast-featured-img":"disabled","footer-sml-layout":"","theme-transparent-header-meta":"","adv-header-id-meta":"","stick-header-meta":"","header-above-stick-meta":"","header-main-stick-meta":"","header-below-stick-meta":"","astra-migrate-meta-layouts":"default","ast-page-background-enabled":"default","ast-page-background-meta":{"desktop":{"background-color":"var(--ast-global-color-4)","background-image":"","background-repeat":"repeat","background-position":"center center","background-size":"auto","background-attachment":"scroll","background-type":"","background-media":"","overlay-type":"","overlay-color":"","overlay-opacity":"","overlay-gradient":""},"tablet":{"background-color":"","background-image":"","background-repeat":"repeat","background-position":"center center","background-size":"auto","background-attachment":"scroll","background-type":"","background-media":"","overlay-type":"","overlay-color":"","overlay-opacity":"","overlay-gradient":""},"mobile":{"background-color":"","background-image":"","background-repeat":"repeat","background-position":"center center","background-size":"auto","background-attachment":"scroll","background-type":"","background-media":"","overlay-type":"","overlay-color":"","overlay-opacity":"","overlay-gradient":""}},"ast-content-background-meta":{"desktop":{"background-color":"var(--ast-global-color-5)","background-image":"","background-repeat":"repeat","background-position":"center center","background-size":"auto","background-attachment":"scroll","background-type":"","background-media":"","overlay-type":"","overlay-color":"","overlay-opacity":"","overlay-gradient":""},"tablet":{"background-color":"var(--ast-global-color-5)","background-image":"","background-repeat":"repeat","background-position":"center center","background-size":"auto","background-attachment":"scroll","background-type":"","background-media":"","overlay-type":"","overlay-color":"","overlay-opacity":"","overlay-gradient":""},"mobile":{"background-color":"var(--ast-global-color-5)","background-image":"","background-repeat":"repeat","background-position":"center center","background-size":"auto","background-attachment":"scroll","background-type":"","background-media":"","overlay-type":"","overlay-color":"","overlay-opacity":"","overlay-gradient":""}},"footnotes":""},"class_list":["post-18","page","type-page","status-publish","hentry"],"_links":{"self":[{"href":"https:\/\/istn-soldajustica.co.uk\/index.php?rest_route=\/wp\/v2\/pages\/18","targetHints":{"allow":["GET"]}}],"collection":[{"href":"https:\/\/istn-soldajustica.co.uk\/index.php?rest_route=\/wp\/v2\/pages"}],"about":[{"href":"https:\/\/istn-soldajustica.co.uk\/index.php?rest_route=\/wp\/v2\/types\/page"}],"author":[{"embeddable":true,"href":"https:\/\/istn-soldajustica.co.uk\/index.php?rest_route=\/wp\/v2\/users\/1"}],"replies":[{"embeddable":true,"href":"https:\/\/istn-soldajustica.co.uk\/index.php?rest_route=%2Fwp%2Fv2%2Fcomments&post=18"}],"version-history":[{"count":55,"href":"https:\/\/istn-soldajustica.co.uk\/index.php?rest_route=\/wp\/v2\/pages\/18\/revisions"}],"predecessor-version":[{"id":3219,"href":"https:\/\/istn-soldajustica.co.uk\/index.php?rest_route=\/wp\/v2\/pages\/18\/revisions\/3219"}],"wp:attachment":[{"href":"https:\/\/istn-soldajustica.co.uk\/index.php?rest_route=%2Fwp%2Fv2%2Fmedia&parent=18"}],"curies":[{"name":"wp","href":"https:\/\/api.w.org\/{rel}","templated":true}]}}